{"id":788,"date":"2024-10-25T07:56:35","date_gmt":"2024-10-25T05:56:35","guid":{"rendered":"http:\/\/stowarzyszeniesedziszowa.bobowa.pl\/?page_id=788"},"modified":"2025-12-30T15:05:44","modified_gmt":"2025-12-30T14:05:44","slug":"sprawozdania-roczne","status":"publish","type":"page","link":"http:\/\/stowarzyszeniesedziszowa.bobowa.pl\/index.php\/sprawozdania-roczne\/","title":{"rendered":"SPRAWOZDANIA ROCZNE"},"content":{"rendered":"\n<p><strong>SPRAWOZDANIA STOWARZYSZENIA PRZYJACI\u00d3\u0141 WSI S\u0118DZISZOWA I OKOLIC<\/strong><\/p>\n\n\n\n<p>ZA 2009 ROK &#8211; <a href=\"http:\/\/stowarzyszeniesedziszowa.bobowa.pl\/wp-content\/uploads\/2024\/10\/SPRAWOZDANIE-za-2009-SPWSiO-prezentacja.pdf\">POBIERZ<\/a><\/p>\n\n\n\n<p>ZA 2010 ROK &#8211; <a href=\"http:\/\/stowarzyszeniesedziszowa.bobowa.pl\/wp-content\/uploads\/2024\/10\/SPRAWOZDANIE-za-2010-SPWSiO.pdf\">POBIERZ<\/a><\/p>\n\n\n\n<p>ZA 2011 ROK &#8211; <a href=\"http:\/\/stowarzyszeniesedziszowa.bobowa.pl\/wp-content\/uploads\/2024\/10\/SPRAWOZDANIE-za-2011-SPWSiO.pdf\">POBIERZ<\/a><\/p>\n\n\n\n<p>ZA 2012 ROK &#8211; <a href=\"http:\/\/stowarzyszeniesedziszowa.bobowa.pl\/wp-content\/uploads\/2024\/10\/SPRAWOZDANIE-za-2012-SPWSiO.pdf\">POBIERZ<\/a><\/p>\n\n\n\n<p>ZA 2013 ROK &#8211; <a href=\"http:\/\/stowarzyszeniesedziszowa.bobowa.pl\/wp-content\/uploads\/2024\/10\/SPRAWOZDANIE-za-2013-SPWSiO.pdf\">POBIERZ<\/a><\/p>\n\n\n\n<p>ZA 2014 ROK &#8211; <a href=\"http:\/\/stowarzyszeniesedziszowa.bobowa.pl\/wp-content\/uploads\/2024\/10\/SPRAWOZDANIE-za-2014-SPWSiO.pdf\">POBIERZ<\/a><\/p>\n\n\n\n<p>ZA 2015 ROK &#8211; <a href=\"http:\/\/stowarzyszeniesedziszowa.bobowa.pl\/wp-content\/uploads\/2024\/10\/SPRAWOZDANIE-za-2015-SPWSiO.pdf\">POBIERZ<\/a><\/p>\n\n\n\n<p>ZA 2016 ROK &#8211; <a href=\"http:\/\/stowarzyszeniesedziszowa.bobowa.pl\/wp-content\/uploads\/2024\/10\/SPRAWOZDANIE-za-2016-SPWSiO.pdf\">POBIERZ<\/a><\/p>\n\n\n\n<p>ZA 2018 ROK &#8211; <a href=\"http:\/\/stowarzyszeniesedziszowa.bobowa.pl\/wp-content\/uploads\/2024\/10\/SPRAWOZDANIE-za-2018-SPWSiO.pdf\">POBIERZ<\/a><\/p>\n\n\n\n<p>ZA 2024 ROK &#8211; <a href=\"http:\/\/stowarzyszeniesedziszowa.bobowa.pl\/wp-content\/uploads\/2025\/12\/Sprawozdanie-z-realizacji-planu-SPWSiO-za-2024-r.-zlozone-w-Starostwie-Powiatowym-w-Gorlicach.pdf\">POBIERZ<\/a><\/p>\n\n\n\n<p><\/p>\n","protected":false},"excerpt":{"rendered":"<p>SPRAWOZDANIA STOWARZYSZENIA PRZYJACI\u00d3\u0141 WSI S\u0118DZISZOWA I OKOLIC ZA 2009 ROK &#8211; POBIERZ ZA 2010 ROK &#8211; POBIERZ ZA 2011 ROK &#8211; POBIERZ ZA 2012 ROK &#8211; POBIERZ ZA 2013 ROK &#8211; POBIERZ ZA 2014 ROK &#8211; POBIERZ ZA 2015 ROK &#8211; POBIERZ ZA 2016 ROK &#8211; POBIERZ ZA 2018 ROK &#8211; POBIERZ ZA 2024 ROK&#8230;<\/p>\n","protected":false},"author":1,"featured_media":0,"parent":0,"menu_order":0,"comment_status":"closed","ping_status":"closed","template":"","meta":{"footnotes":""},"class_list":["post-788","page","type-page","status-publish","hentry"],"_links":{"self":[{"href":"http:\/\/stowarzyszeniesedziszowa.bobowa.pl\/index.php\/wp-json\/wp\/v2\/pages\/788","targetHints":{"allow":["GET"]}}],"collection":[{"href":"http:\/\/stowarzyszeniesedziszowa.bobowa.pl\/index.php\/wp-json\/wp\/v2\/pages"}],"about":[{"href":"http:\/\/stowarzyszeniesedziszowa.bobowa.pl\/index.php\/wp-json\/wp\/v2\/types\/page"}],"author":[{"embeddable":true,"href":"http:\/\/stowarzyszeniesedziszowa.bobowa.pl\/index.php\/wp-json\/wp\/v2\/users\/1"}],"replies":[{"embeddable":true,"href":"http:\/\/stowarzyszeniesedziszowa.bobowa.pl\/index.php\/wp-json\/wp\/v2\/comments?post=788"}],"version-history":[{"count":3,"href":"http:\/\/stowarzyszeniesedziszowa.bobowa.pl\/index.php\/wp-json\/wp\/v2\/pages\/788\/revisions"}],"predecessor-version":[{"id":983,"href":"http:\/\/stowarzyszeniesedziszowa.bobowa.pl\/index.php\/wp-json\/wp\/v2\/pages\/788\/revisions\/983"}],"wp:attachment":[{"href":"http:\/\/stowarzyszeniesedziszowa.bobowa.pl\/index.php\/wp-json\/wp\/v2\/media?parent=788"}],"curies":[{"name":"wp","href":"https:\/\/api.w.org\/{rel}","templated":true}]}}